{"id":607,"date":"2025-09-25T11:27:33","date_gmt":"2025-09-25T09:27:33","guid":{"rendered":"https:\/\/www.docteur-roliste.fr\/?page_id=607"},"modified":"2025-09-25T11:38:06","modified_gmt":"2025-09-25T09:38:06","slug":"directors-cut-ultime-vengeance-3d","status":"publish","type":"page","link":"https:\/\/www.docteur-roliste.fr\/index.php\/directors-cut-ultime-vengeance-3d\/","title":{"rendered":"Director&rsquo;s Cut, Ultime Vengeance 3D"},"content":{"rendered":"\n<figure class=\"wp-block-image size-large is-resized\"><img loading=\"lazy\" decoding=\"async\" width=\"1024\" height=\"1024\" src=\"https:\/\/www.docteur-roliste.fr\/wp-content\/uploads\/2024\/04\/pour-tous-publics-logo-black-and-white-1024x1024.png\" alt=\"\" class=\"wp-image-378\" style=\"width:100px;height:auto\" srcset=\"https:\/\/www.docteur-roliste.fr\/wp-content\/uploads\/2024\/04\/pour-tous-publics-logo-black-and-white-1024x1024.png 1024w, https:\/\/www.docteur-roliste.fr\/wp-content\/uploads\/2024\/04\/pour-tous-publics-logo-black-and-white-300x300.png 300w, https:\/\/www.docteur-roliste.fr\/wp-content\/uploads\/2024\/04\/pour-tous-publics-logo-black-and-white-150x150.png 150w, https:\/\/www.docteur-roliste.fr\/wp-content\/uploads\/2024\/04\/pour-tous-publics-logo-black-and-white-768x768.png 768w, https:\/\/www.docteur-roliste.fr\/wp-content\/uploads\/2024\/04\/pour-tous-publics-logo-black-and-white-1536x1536.png 1536w, https:\/\/www.docteur-roliste.fr\/wp-content\/uploads\/2024\/04\/pour-tous-publics-logo-black-and-white-2048x2048.png 2048w, https:\/\/www.docteur-roliste.fr\/wp-content\/uploads\/2024\/04\/pour-tous-publics-logo-black-and-white-640x640.png 640w, https:\/\/www.docteur-roliste.fr\/wp-content\/uploads\/2024\/04\/pour-tous-publics-logo-black-and-white-50x50.png 50w\" sizes=\"auto, (max-width: 1024px) 100vw, 1024px\" \/><\/figure>\n\n\n\n<p>Vous avez toujours voulu \u00eatre un h\u00e9ros de film d&rsquo;action, c&rsquo;est maintenant possible avec le jeu de r\u00f4le Director&rsquo;s Cut, Ultime Vengeance 3D. Sortez indemne du pi\u00e8ge de Crystal tel John Mclane dans Die Hard. Cassez les oeufs des flics qui aiment les omelettes et qui vous emp\u00eache de vous laissez faire votre boulot tel Jack Slater dans Last Action Hero. Faites une course poursuite dans le desert du Nevada tel Mad Max dans le film \u00e9ponyme alors ce jeu est fait pour vous !<\/p>\n\n\n\n<p>Fun, bastons, grosses bagnoles, armes \u00e0 feu, explosions et rire garantie !<\/p>\n\n\n<div class=\"wp-block-image\">\n<figure class=\"aligncenter size-large\"><img loading=\"lazy\" decoding=\"async\" width=\"724\" height=\"1024\" src=\"https:\/\/www.docteur-roliste.fr\/wp-content\/uploads\/2025\/09\/IMG_6646-724x1024.jpg\" alt=\"\" class=\"wp-image-608\" srcset=\"https:\/\/www.docteur-roliste.fr\/wp-content\/uploads\/2025\/09\/IMG_6646-724x1024.jpg 724w, https:\/\/www.docteur-roliste.fr\/wp-content\/uploads\/2025\/09\/IMG_6646-212x300.jpg 212w, https:\/\/www.docteur-roliste.fr\/wp-content\/uploads\/2025\/09\/IMG_6646-768x1086.jpg 768w, https:\/\/www.docteur-roliste.fr\/wp-content\/uploads\/2025\/09\/IMG_6646-1086x1536.jpg 1086w, https:\/\/www.docteur-roliste.fr\/wp-content\/uploads\/2025\/09\/IMG_6646.jpg 1448w\" sizes=\"auto, (max-width: 724px) 100vw, 724px\" \/><\/figure>\n<\/div>\n\n\n<p><\/p>\n","protected":false},"excerpt":{"rendered":"<p>Vous avez toujours voulu \u00eatre un h\u00e9ros de film d&rsquo;action, c&rsquo;est maintenant possible avec le jeu de r\u00f4le Director&rsquo;s Cut, Ultime Vengeance 3D. Sortez indemne du pi\u00e8ge de Crystal tel John Mclane dans Die Hard. Cassez les oeufs des flics qui aiment les omelettes et qui vous emp\u00eache de vous laissez faire votre boulot tel &hellip; <\/p>\n<p class=\"link-more\"><a href=\"https:\/\/www.docteur-roliste.fr\/index.php\/directors-cut-ultime-vengeance-3d\/\" class=\"more-link\">Continue reading<span class=\"screen-reader-text\"> \u00ab\u00a0Director&rsquo;s Cut, Ultime Vengeance 3D\u00a0\u00bb<\/span><\/a><\/p>\n","protected":false},"author":1,"featured_media":0,"parent":0,"menu_order":0,"comment_status":"closed","ping_status":"closed","template":"","meta":{"footnotes":""},"class_list":["post-607","page","type-page","status-publish","hentry"],"_links":{"self":[{"href":"https:\/\/www.docteur-roliste.fr\/index.php\/wp-json\/wp\/v2\/pages\/607","targetHints":{"allow":["GET"]}}],"collection":[{"href":"https:\/\/www.docteur-roliste.fr\/index.php\/wp-json\/wp\/v2\/pages"}],"about":[{"href":"https:\/\/www.docteur-roliste.fr\/index.php\/wp-json\/wp\/v2\/types\/page"}],"author":[{"embeddable":true,"href":"https:\/\/www.docteur-roliste.fr\/index.php\/wp-json\/wp\/v2\/users\/1"}],"replies":[{"embeddable":true,"href":"https:\/\/www.docteur-roliste.fr\/index.php\/wp-json\/wp\/v2\/comments?post=607"}],"version-history":[{"count":4,"href":"https:\/\/www.docteur-roliste.fr\/index.php\/wp-json\/wp\/v2\/pages\/607\/revisions"}],"predecessor-version":[{"id":616,"href":"https:\/\/www.docteur-roliste.fr\/index.php\/wp-json\/wp\/v2\/pages\/607\/revisions\/616"}],"wp:attachment":[{"href":"https:\/\/www.docteur-roliste.fr\/index.php\/wp-json\/wp\/v2\/media?parent=607"}],"curies":[{"name":"wp","href":"https:\/\/api.w.org\/{rel}","templated":true}]}}