{"id":369,"date":"2024-04-15T12:45:02","date_gmt":"2024-04-15T10:45:02","guid":{"rendered":"https:\/\/www.docteur-roliste.fr\/?page_id=369"},"modified":"2024-04-15T13:07:25","modified_gmt":"2024-04-15T11:07:25","slug":"paranoia","status":"publish","type":"page","link":"https:\/\/www.docteur-roliste.fr\/index.php\/paranoia\/","title":{"rendered":"Parano\u00efa"},"content":{"rendered":"\n<figure class=\"wp-block-image size-large is-resized\"><img loading=\"lazy\" decoding=\"async\" width=\"1024\" height=\"1024\" src=\"https:\/\/www.docteur-roliste.fr\/wp-content\/uploads\/2024\/04\/pour-tous-publics-logo-black-and-white-1024x1024.png\" alt=\"\" class=\"wp-image-378\" style=\"width:100px;height:auto\" srcset=\"https:\/\/www.docteur-roliste.fr\/wp-content\/uploads\/2024\/04\/pour-tous-publics-logo-black-and-white-1024x1024.png 1024w, https:\/\/www.docteur-roliste.fr\/wp-content\/uploads\/2024\/04\/pour-tous-publics-logo-black-and-white-300x300.png 300w, https:\/\/www.docteur-roliste.fr\/wp-content\/uploads\/2024\/04\/pour-tous-publics-logo-black-and-white-150x150.png 150w, https:\/\/www.docteur-roliste.fr\/wp-content\/uploads\/2024\/04\/pour-tous-publics-logo-black-and-white-768x768.png 768w, https:\/\/www.docteur-roliste.fr\/wp-content\/uploads\/2024\/04\/pour-tous-publics-logo-black-and-white-1536x1536.png 1536w, https:\/\/www.docteur-roliste.fr\/wp-content\/uploads\/2024\/04\/pour-tous-publics-logo-black-and-white-2048x2048.png 2048w, https:\/\/www.docteur-roliste.fr\/wp-content\/uploads\/2024\/04\/pour-tous-publics-logo-black-and-white-640x640.png 640w, https:\/\/www.docteur-roliste.fr\/wp-content\/uploads\/2024\/04\/pour-tous-publics-logo-black-and-white-50x50.png 50w\" sizes=\"auto, (max-width: 1024px) 100vw, 1024px\" \/><\/figure>\n\n\n\n<p>Bonjour clarificateur, je suis le Docteur, l\u2019ordinateur m\u2019a demand\u00e9 de vous faire une r\u00e9trospective de vos clones via votre C\u00e9r\u00e9bralCortec : vous avez d\u00e9j\u00e0 perdu cinq clones, ils ne vous en reste qu\u2019un seul clone, la prochaine fois qu\u2019on vous voit avec un engin balistique entre les mains c\u2019est la d\u00e9sint\u00e9gration totale ! Autre information, votre test d&rsquo;engin balistique aura lieu demain, bonne journ\u00e9e clarificateur !<\/p>\n\n\n\n<figure class=\"wp-block-gallery has-nested-images columns-default is-cropped wp-block-gallery-1 is-layout-flex wp-block-gallery-is-layout-flex\">\n<figure class=\"wp-block-image size-large\"><img loading=\"lazy\" decoding=\"async\" width=\"960\" height=\"834\" data-id=\"370\" src=\"https:\/\/www.docteur-roliste.fr\/wp-content\/uploads\/2024\/04\/Paranoia-1.jpg\" alt=\"\" class=\"wp-image-370\" srcset=\"https:\/\/www.docteur-roliste.fr\/wp-content\/uploads\/2024\/04\/Paranoia-1.jpg 960w, https:\/\/www.docteur-roliste.fr\/wp-content\/uploads\/2024\/04\/Paranoia-1-300x261.jpg 300w, https:\/\/www.docteur-roliste.fr\/wp-content\/uploads\/2024\/04\/Paranoia-1-768x667.jpg 768w\" sizes=\"auto, (max-width: 960px) 100vw, 960px\" \/><\/figure>\n\n\n\n<figure class=\"wp-block-image size-large\"><img loading=\"lazy\" decoding=\"async\" width=\"925\" height=\"640\" data-id=\"371\" src=\"https:\/\/www.docteur-roliste.fr\/wp-content\/uploads\/2024\/04\/Paranoia-2.jpg\" alt=\"\" class=\"wp-image-371\" srcset=\"https:\/\/www.docteur-roliste.fr\/wp-content\/uploads\/2024\/04\/Paranoia-2.jpg 925w, https:\/\/www.docteur-roliste.fr\/wp-content\/uploads\/2024\/04\/Paranoia-2-300x208.jpg 300w, https:\/\/www.docteur-roliste.fr\/wp-content\/uploads\/2024\/04\/Paranoia-2-768x531.jpg 768w\" sizes=\"auto, (max-width: 925px) 100vw, 925px\" \/><\/figure>\n\n\n\n<figure class=\"wp-block-image size-large\"><img loading=\"lazy\" decoding=\"async\" width=\"843\" height=\"909\" data-id=\"372\" src=\"https:\/\/www.docteur-roliste.fr\/wp-content\/uploads\/2024\/04\/Paranoia-3.jpg\" alt=\"\" class=\"wp-image-372\" srcset=\"https:\/\/www.docteur-roliste.fr\/wp-content\/uploads\/2024\/04\/Paranoia-3.jpg 843w, https:\/\/www.docteur-roliste.fr\/wp-content\/uploads\/2024\/04\/Paranoia-3-278x300.jpg 278w, https:\/\/www.docteur-roliste.fr\/wp-content\/uploads\/2024\/04\/Paranoia-3-768x828.jpg 768w\" sizes=\"auto, (max-width: 843px) 100vw, 843px\" \/><\/figure>\n<\/figure>\n\n\n\n<p>Parano\u00efa est un jeu post-apocalyptique humoristique o\u00f9 l&rsquo;Ordinateur, seul maitre \u00e0 bord du complexe Alpha. Vous vivez dans ce complexe \u00e0 cause d&rsquo;une [mettre la cause de votre enfermement] <\/p>\n\n\n\n<p>Comme dans l&rsquo;exemple plus haut, l&rsquo;ordinateur a un peu p\u00e9t\u00e9 les plombs, il vous donnera des directives contradictoires !<\/p>\n","protected":false},"excerpt":{"rendered":"<p>Bonjour clarificateur, je suis le Docteur, l\u2019ordinateur m\u2019a demand\u00e9 de vous faire une r\u00e9trospective de vos clones via votre C\u00e9r\u00e9bralCortec : vous avez d\u00e9j\u00e0 perdu cinq clones, ils ne vous en reste qu\u2019un seul clone, la prochaine fois qu\u2019on vous voit avec un engin balistique entre les mains c\u2019est la d\u00e9sint\u00e9gration totale ! Autre information, &hellip; <\/p>\n<p class=\"link-more\"><a href=\"https:\/\/www.docteur-roliste.fr\/index.php\/paranoia\/\" class=\"more-link\">Continue reading<span class=\"screen-reader-text\"> \u00ab\u00a0Parano\u00efa\u00a0\u00bb<\/span><\/a><\/p>\n","protected":false},"author":1,"featured_media":0,"parent":0,"menu_order":0,"comment_status":"closed","ping_status":"closed","template":"","meta":{"footnotes":""},"class_list":["post-369","page","type-page","status-publish","hentry"],"_links":{"self":[{"href":"https:\/\/www.docteur-roliste.fr\/index.php\/wp-json\/wp\/v2\/pages\/369","targetHints":{"allow":["GET"]}}],"collection":[{"href":"https:\/\/www.docteur-roliste.fr\/index.php\/wp-json\/wp\/v2\/pages"}],"about":[{"href":"https:\/\/www.docteur-roliste.fr\/index.php\/wp-json\/wp\/v2\/types\/page"}],"author":[{"embeddable":true,"href":"https:\/\/www.docteur-roliste.fr\/index.php\/wp-json\/wp\/v2\/users\/1"}],"replies":[{"embeddable":true,"href":"https:\/\/www.docteur-roliste.fr\/index.php\/wp-json\/wp\/v2\/comments?post=369"}],"version-history":[{"count":6,"href":"https:\/\/www.docteur-roliste.fr\/index.php\/wp-json\/wp\/v2\/pages\/369\/revisions"}],"predecessor-version":[{"id":380,"href":"https:\/\/www.docteur-roliste.fr\/index.php\/wp-json\/wp\/v2\/pages\/369\/revisions\/380"}],"wp:attachment":[{"href":"https:\/\/www.docteur-roliste.fr\/index.php\/wp-json\/wp\/v2\/media?parent=369"}],"curies":[{"name":"wp","href":"https:\/\/api.w.org\/{rel}","templated":true}]}}