{"id":359,"date":"2024-04-15T12:14:33","date_gmt":"2024-04-15T10:14:33","guid":{"rendered":"https:\/\/www.docteur-roliste.fr\/?page_id=359"},"modified":"2025-01-22T11:50:48","modified_gmt":"2025-01-22T10:50:48","slug":"tiny","status":"publish","type":"page","link":"https:\/\/www.docteur-roliste.fr\/index.php\/tiny\/","title":{"rendered":"Tiny"},"content":{"rendered":"\n<figure class=\"wp-block-image size-large is-resized\"><img loading=\"lazy\" decoding=\"async\" width=\"1024\" height=\"1024\" src=\"https:\/\/www.docteur-roliste.fr\/wp-content\/uploads\/2024\/04\/pour-tous-publics-logo-black-and-white-1024x1024.png\" alt=\"\" class=\"wp-image-378\" style=\"width:100px;height:auto\" srcset=\"https:\/\/www.docteur-roliste.fr\/wp-content\/uploads\/2024\/04\/pour-tous-publics-logo-black-and-white-1024x1024.png 1024w, https:\/\/www.docteur-roliste.fr\/wp-content\/uploads\/2024\/04\/pour-tous-publics-logo-black-and-white-300x300.png 300w, https:\/\/www.docteur-roliste.fr\/wp-content\/uploads\/2024\/04\/pour-tous-publics-logo-black-and-white-150x150.png 150w, https:\/\/www.docteur-roliste.fr\/wp-content\/uploads\/2024\/04\/pour-tous-publics-logo-black-and-white-768x768.png 768w, https:\/\/www.docteur-roliste.fr\/wp-content\/uploads\/2024\/04\/pour-tous-publics-logo-black-and-white-1536x1536.png 1536w, https:\/\/www.docteur-roliste.fr\/wp-content\/uploads\/2024\/04\/pour-tous-publics-logo-black-and-white-2048x2048.png 2048w, https:\/\/www.docteur-roliste.fr\/wp-content\/uploads\/2024\/04\/pour-tous-publics-logo-black-and-white-640x640.png 640w, https:\/\/www.docteur-roliste.fr\/wp-content\/uploads\/2024\/04\/pour-tous-publics-logo-black-and-white-50x50.png 50w\" sizes=\"auto, (max-width: 1024px) 100vw, 1024px\" \/><\/figure>\n\n\n\n<p>Pour les enfants mais aussi pour les adultes, le Docteur R\u00f4liste propose Tiny. Vous incarnez ici des jouets, votre mission : prot\u00e9ger votre enfant d&rsquo;une cr\u00e9ature de cauchemar.<\/p>\n\n\n\n<figure class=\"wp-block-gallery has-nested-images columns-default is-cropped wp-block-gallery-1 is-layout-flex wp-block-gallery-is-layout-flex\">\n<figure class=\"wp-block-image size-large\"><img loading=\"lazy\" decoding=\"async\" width=\"1024\" height=\"490\" data-id=\"584\" src=\"https:\/\/www.docteur-roliste.fr\/wp-content\/uploads\/2025\/01\/IMG_4786-1024x490.jpg\" alt=\"\" class=\"wp-image-584\" srcset=\"https:\/\/www.docteur-roliste.fr\/wp-content\/uploads\/2025\/01\/IMG_4786-1024x490.jpg 1024w, https:\/\/www.docteur-roliste.fr\/wp-content\/uploads\/2025\/01\/IMG_4786-300x143.jpg 300w, https:\/\/www.docteur-roliste.fr\/wp-content\/uploads\/2025\/01\/IMG_4786-768x367.jpg 768w, https:\/\/www.docteur-roliste.fr\/wp-content\/uploads\/2025\/01\/IMG_4786-1536x735.jpg 1536w, https:\/\/www.docteur-roliste.fr\/wp-content\/uploads\/2025\/01\/IMG_4786-2048x980.jpg 2048w\" sizes=\"auto, (max-width: 1024px) 100vw, 1024px\" \/><\/figure>\n<\/figure>\n","protected":false},"excerpt":{"rendered":"<p>Pour les enfants mais aussi pour les adultes, le Docteur R\u00f4liste propose Tiny. Vous incarnez ici des jouets, votre mission : prot\u00e9ger votre enfant d&rsquo;une cr\u00e9ature de cauchemar.<\/p>\n","protected":false},"author":1,"featured_media":0,"parent":0,"menu_order":0,"comment_status":"closed","ping_status":"closed","template":"","meta":{"footnotes":""},"class_list":["post-359","page","type-page","status-publish","hentry"],"_links":{"self":[{"href":"https:\/\/www.docteur-roliste.fr\/index.php\/wp-json\/wp\/v2\/pages\/359","targetHints":{"allow":["GET"]}}],"collection":[{"href":"https:\/\/www.docteur-roliste.fr\/index.php\/wp-json\/wp\/v2\/pages"}],"about":[{"href":"https:\/\/www.docteur-roliste.fr\/index.php\/wp-json\/wp\/v2\/types\/page"}],"author":[{"embeddable":true,"href":"https:\/\/www.docteur-roliste.fr\/index.php\/wp-json\/wp\/v2\/users\/1"}],"replies":[{"embeddable":true,"href":"https:\/\/www.docteur-roliste.fr\/index.php\/wp-json\/wp\/v2\/comments?post=359"}],"version-history":[{"count":3,"href":"https:\/\/www.docteur-roliste.fr\/index.php\/wp-json\/wp\/v2\/pages\/359\/revisions"}],"predecessor-version":[{"id":586,"href":"https:\/\/www.docteur-roliste.fr\/index.php\/wp-json\/wp\/v2\/pages\/359\/revisions\/586"}],"wp:attachment":[{"href":"https:\/\/www.docteur-roliste.fr\/index.php\/wp-json\/wp\/v2\/media?parent=359"}],"curies":[{"name":"wp","href":"https:\/\/api.w.org\/{rel}","templated":true}]}}