{"id":354,"date":"2024-04-15T12:06:06","date_gmt":"2024-04-15T10:06:06","guid":{"rendered":"https:\/\/www.docteur-roliste.fr\/?page_id=354"},"modified":"2025-01-22T10:49:22","modified_gmt":"2025-01-22T09:49:22","slug":"kult-divinite-perdue","status":"publish","type":"page","link":"https:\/\/www.docteur-roliste.fr\/index.php\/kult-divinite-perdue\/","title":{"rendered":"Kult : Divinit\u00e9 perdue"},"content":{"rendered":"\n<figure class=\"wp-block-image size-large is-resized\"><img decoding=\"async\" src=\"data:image\/png;base64,iVBORw0KGgoAAAANSUhEUgAAAOEAAADhCAMAAAAJbSJIAAAAflBMVEUBAQH\/\/\/8AAAD8\/PwFBQV2dnbV1dUhISGRkZHw8PD5+fnCwsLj4+O+vr7p6elnZ2csLCxVVVWoqKiZmZlQUFBcXFxiYmJubm6Li4u1tbXe3t5DQ0PIyMjz8\/OEhIQxMTEoKCh7e3udnZ0YGBg+Pj6urq4RERFBQUEXFxc3NzfoZyb4AAAQCElEQVR4nO1dC3PiOAyO7UBLgPCGQimUdtu9\/v8\/eJacUCCKLZs82Jno5nbutqnjL7b1lhxFHXXUUUcdddRRRx111FFHHbVMMvv38v+pZ\/Qf1I\/+AYpjGcVSxpH+VxZJ\/zU+oh+M4n8PIk5cI4guIH2\/T6c\/x+P0EmYca3jxPwhQQ8uxPa1f5sN++iYuKUn7w\/nzepqv5j8DUeZ\/mJnPnscjQZLK\/2M0XqzyXRtJ+qw+EsWwNfHMxZuvEnAEjba9b\/ylh19MjQ7hzea7m6VioJwvzbl8YIgZw5yME8AGxASnEvMpkvEEQT4gRokCDWa33CZ+SyfM18h\/SY2X8jxa27AuKI7N7lykftBIGjxnUuRx1jI7fK9j\/9UrEg4wXCLGtoGdCZWWSR9ndzdCAKkH2U3kQ2xTmcu+XmpmxmYuDoh6mLR3FpMtUnb+JlUcvwJMMdoYpa49kijf5XIk+ILBA6AecjRDjC0uo8b3tAd5Vj3C7FDvn1qTj5n58yEqPH9XAFU27MevztoswBgY6HJQNbAiUjFYGenY+IHUH3ZbiXBw01gaM7lpgKs3ww7qJdytCSxjY8iiTGmcC9EMQnzHl7E6GpCOEn0OkTyOqtFf2JQiU21EcqDnZaNNnWYRJmJzdlzVDBC2yvy8e5ojJeaN2I5o5fYRXA1S3o5Q9BFhnRhjPAhPdWihPErfgQ\/UBxCtJPna7NJdUiKS11r1VOBlctIaPoE7dV3jWQRWJntNyMAy0gp+InrICmrAZ3zvp7bAnUmJQ01GI3AZeWhv\/XJKBEKsASFIwlPDegxFIKMOles2JnTS7hm8wniC6VQoGCUGwOS6bWhnUmJStT8VuNfrI6yfIT2R10p1VDDN5NPD4BNotb1XKRZRAKUPwGVy0iaxSDFyXh1GrWw3iYDzLfvo969IbBiDvi40t3DgL9wYlTb748p2Khi8tREaYrvtx2Gzmk0OH9t+IpiruKlG8oOz8lgjQCF2i9frLJSfBeNMwDeYViH5MXI2KmEyAyJJ5opOlhmadVLzPB3j6pu+z5MchoVGVbAaQPhVpsukLoS9cv5rnPYfZFTbRFvxscQK8asCiPr1K1EmKAboGyonjbCUgMMMS+OgGNIaugXUugKEUialXqeBg5dZEQKnMPogBRAxThwQlXi7N8AIbguL637gGL4MIZxBNfjMlGdiCPPXUn4OrEdR28Pbu\/gpypul5TsGI4QwttsbAUrLzs5uErGS92T9wSsGFospFKEeccfwfWaeS8tO1T95u2+TxpqjWT5h+C5NOf5r3EPS5ruEuc3vUGz0rz5Zhg9DqPCfJ8mJssAzYNTY\/OtKvMtw7VTKfeUIca4T9ndn+C\/3Mjz0BmymcoQCIp7sjQUax9gBcRa4T0HSlKlr9yDUxp0s21fUaDFK5NI56B08CnMSw8ebOBTDQIQv9G+ZyGRxEClfHPPYBGrgziUM3KVvJb8E8p9cDCnfqHF+KQ1BCL+zcSn3YQjpJUS+WSK85bMdIXr6fRHCuKnLPxokLRTxO5f2CCFFpHQgTIOUU0aUaSCzzPUSZk2u4ZYACGr2YiCS\/YyO1TvZ6SQAIsf5lNsWZRkEJMJ1YTII0MSVxTOlSbtkYgJKoD9AhywEurSAyUEIhElRPBsrG420hOSLeng7y1Ni6YkQDoNrY8BsX2eGlqtX7hruqU2qtcM8M2BACTeHcoXGtF8YI8bD7eMBJrdJAaGCbUg9uPh9pkd+goVw2Bjffuw0xnfyESrwz7oRwoBL6mPL3e9D9CIvHR4b8eGDEFM6Up8l9EBIb8KLhxJypEg4vji5u20gl175MnyE9DH7c\/nUkWC2TrXGU\/\/Wz27Z6DwQom1PbdLN5foQsk0ad4Z1DluvNQR1vg6E5Cm71coIVqMf2btOjfLwuvlnzfARjt0In8lH3MJr44WQIQxDECpKZ7sWFkIsyEeGTs439NukftFQPqf5Iqf\/cfnURwlCh3dYJZiAykTI0NhCEApS765mlyrgpuwcYu+A6L2c5uVyKBqh3SeGsm3OPojAmmvZpfgc9cLe5SMn8pG+k5dyg20Y7vLNSuCfw5Ty\/OlToX6fIeSh1iJtvvecPtmbdOMJ0E9ro\/TOy2d+SB8AJx+rx3Wc+leK8M+heKVM3AvXvRLEEsY83keyMWJa4GOraZcqY8RbvRTFkwq5yc+cKY1YihtouV7oPBAC7YsbSRrPrIIMWfCmFm382MlKDbEUNw1wVidCQZwVCOKZYdCbSinevD21Ym3T2OmdvA9h0bcpMfFRmeShSdFpKq0JAZdEKnwEQk+l1BNhX0a3uaEA8eWM\/5oTSUTITDobssQFMpr6ECrxB\/MTriFq+vPVHz7Ht247k0f6w+R8I6bI9wbotYZ0vC9v0VMYA\/NOnMZhPg3OGkr5XjNC8DcUDH30dVOeZVhuriGgxJHFSwOynX0QKpMaWnxxRCaOmKwzLk1Ya\/jiHugehAKMxJJoGOllu7Ye7fTC4jQBuaSeCMF1z9WR\/TwqpIFdGHNYO0IIM3AR+lnjpBuoMGZAwrMnwkTkEMuBIl+VvqVypPlZGDmgvNB3lypj6cTlWUOmAl\/6ZidzQqW+rtIghEBbzPsqP4+YEDX3rBcvyxG4RugPMARhIgY9S24bRk1XKWxon21KhdDbQogujVOpuaN\/sO7nz3nMg5FKJr95Q92DUOVZ3lk\/CHIepqOBX824ElPGGk77DHq7HTlgl4rRoTzDFw7hYWTyvKtFSDapLNL2dmRPhLBFJ+UJNPk81t61SIw1jMjE65vXy\/H1e313qd55B7QwLPMx0uLg2bqBhZAR8r\/Ve7zsQ5hx\/z\/pKpHMdst\/fa8OPxzjgkN3IMRtt2DH+iS2MeIv4wMgBGdMzyM1RPpV5z4AwkRhVlQph7n9f1BtNvxVbB0hLEbP0teK8JXCKp6Y+CCBvGWEoiy3HrQ0tPLJwBM\/zlBZQWL4GpZVkmSsk0bPDDQoll5aK0KsGSzmaiK21ddw+1LwJhoCfyKDFJ1u1CxCKkgPe3OZeZs+SHeUPoxfLJkYlkpbIcKSb5xxS0SwL9mpknUSOTZ+vQjpwILJ+sryL+liDLA1GBBZfppaEdJJ7DLF\/Nmsm\/CGOotSfrrxKZ6vrU6ExCeGPMjrYtoBWVjqqlAyxPKX1omQKGoF9WZ3XZR\/oLcyJ8LG8XnXiZCSVpqPHq9knanyoaKoDIQspY2j9gciJCLcWYbzL0JYzSOVUsGKdLOERcyx8m+CqAyEgOGZ0riJ8OczHQl3m1G8+GEkP58c9BnffE7WGipsKlPQrIn0Xyo1TK\/1zJm3zElPBP2CE+vx9mKUZgsRYiChxEUkv5124oK3SzmxkBBvoiIzvshEyCcqSBxDwoYdIa8BQexbasFFSKtUZA+4YuUQjGav6wbiJQzpd458e3pxEJblB1PJLScyP03zN2cnEAZGsL+3vp07eeeQzg++ToE2RBbWoH1hnQYrXV86Gnbcg5BOb6ZiznQBjJMF9li1pJIbuvBEKKDhIXm6iHnTPNGRrJWIT3aat7MAOAShMC4o1ryJ7D0nwsSnHLimPG8SoZSH4nh0JoMdoco7YnMAemcn8hCe6DUk8nfoekkrQmUqn5iL6B3p5nEasohbUk6mgJJuZTQhJsBaambAC0W60YpWEa38RCaqX0p+NTM11D2BxKfFxe52uJK5OgrqNnyEMq6hdk2hG418WYGvHajjJO01F8qnds3UH\/pg5CFMaXEF1RaXFrASFMMAn781IuzRMAXTBG3toUIRUtYTRrNv7gHZE04MfM46JV6O9++AfplRTC\/Gkuy+EF\/1LjEZYQW5BgitVt3AqwuPrKGW21wZQ3kxIljEi3ftZUTKNbsXY+Hb\/IPpRecjBOqTFjBcd2K+QCJUkqiYjC\/a0tmVfz0+IPRJwuT6S79pSW4y9bGmBDsE0zOy2AMK3XiezaLkaw0IaY0a3HuTjHXvfkqs2NiSu6zos+tCWBTE9yPc0XMAv4I8jfv9LVxJSubzyMg6H3y9H0KTfcw9iuzIzN+yLfjbhIdWLePrrgS3r99YcgPKEYLAYFY8s+sPUa3xbq6GN+\/anDRpSBelOLb1Vw1DKMjySRbJo20yZJMC14jYw1sxdTc+wn3InU2wdW1lM4FtoiKolmUqpx7ZJuuQzmOmES79aswZD+ycKMFxWjXCt4AGeXFBdb16+Si4NSS\/1sEnY2joj7CQz3r5agWdBkIRcotT\/XITD3xvA6LDcUqPC7w6+FYWjfCdlxbolZuo7Rx+u3j0UC+tc5j6fLDC6Ey\/oh9C9denu6cWFG82jndfD1rsI1ztGibZvVTsNZRT2EelEAd3ZkFB4JUB0S+DVoFBbrQsy+yk+QfuRlGWZO\/1Xb2go6iYln8vwowghhFbFbjYKOQ9m3assGDjvkV0Nw8NQ2iqgW1VQchjQBu1AeTUObkAsqpmvWtm4I+NtNh05jbzdXJ+nKYq+upj18bKEeJh3C3La2bgfPzpX3wQkr6quKQEK41dzW8QIUGuUGt\/nSUGS1NPiUwjS+iZObQNlZSUTAdg1PzaIfaVSF+ei\/TiSM8GL\/H8j7F7YwMtg\/e0cKU9gyZSyR0lxvx0tuQp+7Fd0mgxoH8+GB\/+Xi78z2lr7qJ3fZ1eRbc9IkuzqzZlVTsujU+p8yNv\/f1wOBzv++n5R3bCu4IqupkMj0i\/jhviwyk5n\/wKAAJhPtLjICztVRtKeO\/afwEF0HWR3k7Je5UXdWOzvoe6Ow9aFlR3YVdkvJnuLvsNEfKmiZcVzURpUqXaxwgzoLM67gYYQebLA5xGvE22coBZN6MHuEtWYeZiHfc6m5DCqfk71a\/gmZtkQ7zKPJCZQdoiQlGWe1oZRszRag2hwihTfRePZ2dx2R6zSVSyrPVuddPbVL4P2tBRoauiGEzrO4NnkNldFI0jTIwjocb1+0WoIbr9GpUT5olXfh93OUTvTPAKaGPvSVQhRPSrTBlmeHWk35Meix0layRYxm1zkjHJu0o1BC+TGnL9Jjxbq4RDXJdcdlUjQkxHGzck\/ccye2VzEKUJmsjVoG6I4HBcS8mq+6wBaNZQrV6Q83bAZQg1xHdmIDyIEtGfNslhioR98Wb+XXm5NJq1iy934MhN6vb+BlDaw9HbBGhQQqThFNBOspzQ2Q\/4mpPwVjJ63MQjWdOJUIidiS42oYe6CcQUrONrdTxnvzSGWnCiTPUkjb66yJrHhxzJ8+8MPj4tiaatEsY1t+p6vnyAmFGSjFfS40acpslEcyfjED+HgbdB8f4gx48i+PK4knN\/GTn6muWb09LPrW3KpgUT\/extf1FetS7JN+Ulum3v06CT1yM9Kp2bh6wWw9vFVOdeQhm44WJl0hUe9OiRhGU9cZzl308nL1\/jfvp2xXxU2h9\/vaynMkP3KKKPS6jNgZC87vg61fRzPB6fLv4SDU1A97D800VZeh6RbPP7QORfLdFRRx111FFHHXXUUUcdddRRR370P662uzCRI70kAAAAAElFTkSuQmCC\" alt=\"\" style=\"width:59px;height:auto\"\/><\/figure>\n\n\n\n<p>Traumavertissement : Violences Sexuelles, Meurtres, Tortures, Cannibalisme, Drogues, Morts Brutales, Sang.<\/p>\n\n\n\n<p>Vous aimez l\u2019horreur visc\u00e9rale \u00e0 la \u00ab Hellraiser \u00bb ou si vous aimez les films de David Cronenberg alors le jeu de r\u00f4le Kult : Divinit\u00e9 Perdue est fait pour vous, d\u00e9chirez le voile de la r\u00e9alit\u00e9 et passez dans l\u2019horreur inf\u00e2me du monde r\u00e9el !<\/p>\n\n\n\n<figure class=\"wp-block-gallery has-nested-images columns-default is-cropped wp-block-gallery-1 is-layout-flex wp-block-gallery-is-layout-flex\">\n<figure class=\"wp-block-image size-large\"><img loading=\"lazy\" decoding=\"async\" width=\"1024\" height=\"768\" data-id=\"355\" src=\"https:\/\/www.docteur-roliste.fr\/wp-content\/uploads\/2024\/04\/image-2-1024x768.png\" alt=\"\" class=\"wp-image-355\" srcset=\"https:\/\/www.docteur-roliste.fr\/wp-content\/uploads\/2024\/04\/image-2-1024x768.png 1024w, https:\/\/www.docteur-roliste.fr\/wp-content\/uploads\/2024\/04\/image-2-300x225.png 300w, https:\/\/www.docteur-roliste.fr\/wp-content\/uploads\/2024\/04\/image-2-768x576.png 768w, https:\/\/www.docteur-roliste.fr\/wp-content\/uploads\/2024\/04\/image-2-1536x1152.png 1536w, https:\/\/www.docteur-roliste.fr\/wp-content\/uploads\/2024\/04\/image-2.png 2048w\" sizes=\"auto, (max-width: 1024px) 100vw, 1024px\" \/><\/figure>\n<\/figure>\n","protected":false},"excerpt":{"rendered":"<p>Traumavertissement : Violences Sexuelles, Meurtres, Tortures, Cannibalisme, Drogues, Morts Brutales, Sang. Vous aimez l\u2019horreur visc\u00e9rale \u00e0 la \u00ab Hellraiser \u00bb ou si vous aimez les films de David Cronenberg alors le jeu de r\u00f4le Kult : Divinit\u00e9 Perdue est fait pour vous, d\u00e9chirez le voile de la r\u00e9alit\u00e9 et passez dans l\u2019horreur inf\u00e2me du monde &hellip; <\/p>\n<p class=\"link-more\"><a href=\"https:\/\/www.docteur-roliste.fr\/index.php\/kult-divinite-perdue\/\" class=\"more-link\">Continue reading<span class=\"screen-reader-text\"> \u00ab\u00a0Kult : Divinit\u00e9 perdue\u00a0\u00bb<\/span><\/a><\/p>\n","protected":false},"author":1,"featured_media":0,"parent":0,"menu_order":0,"comment_status":"closed","ping_status":"closed","template":"","meta":{"footnotes":""},"class_list":["post-354","page","type-page","status-publish","hentry"],"_links":{"self":[{"href":"https:\/\/www.docteur-roliste.fr\/index.php\/wp-json\/wp\/v2\/pages\/354","targetHints":{"allow":["GET"]}}],"collection":[{"href":"https:\/\/www.docteur-roliste.fr\/index.php\/wp-json\/wp\/v2\/pages"}],"about":[{"href":"https:\/\/www.docteur-roliste.fr\/index.php\/wp-json\/wp\/v2\/types\/page"}],"author":[{"embeddable":true,"href":"https:\/\/www.docteur-roliste.fr\/index.php\/wp-json\/wp\/v2\/users\/1"}],"replies":[{"embeddable":true,"href":"https:\/\/www.docteur-roliste.fr\/index.php\/wp-json\/wp\/v2\/comments?post=354"}],"version-history":[{"count":5,"href":"https:\/\/www.docteur-roliste.fr\/index.php\/wp-json\/wp\/v2\/pages\/354\/revisions"}],"predecessor-version":[{"id":581,"href":"https:\/\/www.docteur-roliste.fr\/index.php\/wp-json\/wp\/v2\/pages\/354\/revisions\/581"}],"wp:attachment":[{"href":"https:\/\/www.docteur-roliste.fr\/index.php\/wp-json\/wp\/v2\/media?parent=354"}],"curies":[{"name":"wp","href":"https:\/\/api.w.org\/{rel}","templated":true}]}}