{"id":351,"date":"2024-04-15T11:59:30","date_gmt":"2024-04-15T09:59:30","guid":{"rendered":"https:\/\/www.docteur-roliste.fr\/?page_id=351"},"modified":"2024-04-15T14:27:34","modified_gmt":"2024-04-15T12:27:34","slug":"donjons-et-dragons-v5","status":"publish","type":"page","link":"https:\/\/www.docteur-roliste.fr\/index.php\/donjons-et-dragons-v5\/","title":{"rendered":"Donjons et Dragons V5"},"content":{"rendered":"\n<figure class=\"wp-block-image size-large is-resized\"><img loading=\"lazy\" decoding=\"async\" width=\"1024\" height=\"1024\" src=\"https:\/\/www.docteur-roliste.fr\/wp-content\/uploads\/2024\/04\/pour-tous-publics-logo-black-and-white-1024x1024.png\" alt=\"\" class=\"wp-image-378\" style=\"width:100px;height:auto\" srcset=\"https:\/\/www.docteur-roliste.fr\/wp-content\/uploads\/2024\/04\/pour-tous-publics-logo-black-and-white-1024x1024.png 1024w, https:\/\/www.docteur-roliste.fr\/wp-content\/uploads\/2024\/04\/pour-tous-publics-logo-black-and-white-300x300.png 300w, https:\/\/www.docteur-roliste.fr\/wp-content\/uploads\/2024\/04\/pour-tous-publics-logo-black-and-white-150x150.png 150w, https:\/\/www.docteur-roliste.fr\/wp-content\/uploads\/2024\/04\/pour-tous-publics-logo-black-and-white-768x768.png 768w, https:\/\/www.docteur-roliste.fr\/wp-content\/uploads\/2024\/04\/pour-tous-publics-logo-black-and-white-1536x1536.png 1536w, https:\/\/www.docteur-roliste.fr\/wp-content\/uploads\/2024\/04\/pour-tous-publics-logo-black-and-white-2048x2048.png 2048w, https:\/\/www.docteur-roliste.fr\/wp-content\/uploads\/2024\/04\/pour-tous-publics-logo-black-and-white-640x640.png 640w, https:\/\/www.docteur-roliste.fr\/wp-content\/uploads\/2024\/04\/pour-tous-publics-logo-black-and-white-50x50.png 50w\" sizes=\"auto, (max-width: 1024px) 100vw, 1024px\" \/><\/figure>\n\n\n\n<p>Vous avez toujours r\u00eav\u00e9 de sortir d\u2019une taverne et d\u2019affronter des cr\u00e9atures, rien de plus simple : le Docteur vous propose de jouer\/initier \u00e0 Donjons et Dragons V5, sortez votre arc, sortez votre \u00e9p\u00e9e, pr\u00e9parez vos sorts, sortez votre ? Votre mandoline ? OK ! Partez combattre !<\/p>\n\n\n\n<figure class=\"wp-block-image size-large\"><img loading=\"lazy\" decoding=\"async\" width=\"1024\" height=\"768\" src=\"https:\/\/www.docteur-roliste.fr\/wp-content\/uploads\/2024\/04\/image-6-1024x768.jpeg\" alt=\"\" class=\"wp-image-403\" srcset=\"https:\/\/www.docteur-roliste.fr\/wp-content\/uploads\/2024\/04\/image-6-1024x768.jpeg 1024w, https:\/\/www.docteur-roliste.fr\/wp-content\/uploads\/2024\/04\/image-6-300x225.jpeg 300w, https:\/\/www.docteur-roliste.fr\/wp-content\/uploads\/2024\/04\/image-6-768x576.jpeg 768w, https:\/\/www.docteur-roliste.fr\/wp-content\/uploads\/2024\/04\/image-6-1536x1152.jpeg 1536w, https:\/\/www.docteur-roliste.fr\/wp-content\/uploads\/2024\/04\/image-6.jpeg 2048w\" sizes=\"auto, (max-width: 1024px) 100vw, 1024px\" \/><\/figure>\n","protected":false},"excerpt":{"rendered":"<p>Vous avez toujours r\u00eav\u00e9 de sortir d\u2019une taverne et d\u2019affronter des cr\u00e9atures, rien de plus simple : le Docteur vous propose de jouer\/initier \u00e0 Donjons et Dragons V5, sortez votre arc, sortez votre \u00e9p\u00e9e, pr\u00e9parez vos sorts, sortez votre ? Votre mandoline ? OK ! Partez combattre !<\/p>\n","protected":false},"author":1,"featured_media":0,"parent":0,"menu_order":0,"comment_status":"closed","ping_status":"closed","template":"","meta":{"footnotes":""},"class_list":["post-351","page","type-page","status-publish","hentry"],"_links":{"self":[{"href":"https:\/\/www.docteur-roliste.fr\/index.php\/wp-json\/wp\/v2\/pages\/351","targetHints":{"allow":["GET"]}}],"collection":[{"href":"https:\/\/www.docteur-roliste.fr\/index.php\/wp-json\/wp\/v2\/pages"}],"about":[{"href":"https:\/\/www.docteur-roliste.fr\/index.php\/wp-json\/wp\/v2\/types\/page"}],"author":[{"embeddable":true,"href":"https:\/\/www.docteur-roliste.fr\/index.php\/wp-json\/wp\/v2\/users\/1"}],"replies":[{"embeddable":true,"href":"https:\/\/www.docteur-roliste.fr\/index.php\/wp-json\/wp\/v2\/comments?post=351"}],"version-history":[{"count":3,"href":"https:\/\/www.docteur-roliste.fr\/index.php\/wp-json\/wp\/v2\/pages\/351\/revisions"}],"predecessor-version":[{"id":404,"href":"https:\/\/www.docteur-roliste.fr\/index.php\/wp-json\/wp\/v2\/pages\/351\/revisions\/404"}],"wp:attachment":[{"href":"https:\/\/www.docteur-roliste.fr\/index.php\/wp-json\/wp\/v2\/media?parent=351"}],"curies":[{"name":"wp","href":"https:\/\/api.w.org\/{rel}","templated":true}]}}