{"id":287,"date":"2024-04-10T09:12:46","date_gmt":"2024-04-10T07:12:46","guid":{"rendered":"https:\/\/docteur-roliste.fr\/?page_id=287"},"modified":"2024-04-15T22:18:27","modified_gmt":"2024-04-15T20:18:27","slug":"bienvenue","status":"publish","type":"page","link":"https:\/\/www.docteur-roliste.fr\/","title":{"rendered":"Bienvenue !"},"content":{"rendered":"\n<p>Que vous aimiez d\u00e9j\u00e0 le jeu de r\u00f4le ou que vous souhaitiez le d\u00e9couvrir, vous \u00eates tous.tes bien tomb\u00e9s.es !<\/p>\n\n\n\n<p>Sur le site du Docteur R\u00f4liste, c&rsquo;est un monde d&rsquo;imaginaire qui s&rsquo;offre \u00e0 vous, vous \u00eates ici pour vous amuser. Je fais jouer des jeux de r\u00f4les que l&rsquo;on a pas l&rsquo;habitude de jouer, beaucoup d&rsquo;horreur, soyez pr\u00e9venus.es ! Il y a aussi des jeux pour enfants et le plus classique Donjons et Dragons.<\/p>\n\n\n\n<p>Mon cabinet r\u00f4listique se trouve en r\u00e9gion parisienne mais cela ne m&#8217;emp\u00eache pas de me d\u00e9placer en province !<\/p>\n\n\n\n<p>Et surtout n&rsquo;oubliez pas, quand le Docteur sourit, il est d\u00e9j\u00e0 trop tard !<\/p>\n","protected":false},"excerpt":{"rendered":"<p>Que vous aimiez d\u00e9j\u00e0 le jeu de r\u00f4le ou que vous souhaitiez le d\u00e9couvrir, vous \u00eates tous.tes bien tomb\u00e9s.es ! Sur le site du Docteur R\u00f4liste, c&rsquo;est un monde d&rsquo;imaginaire qui s&rsquo;offre \u00e0 vous, vous \u00eates ici pour vous amuser. Je fais jouer des jeux de r\u00f4les que l&rsquo;on a pas l&rsquo;habitude de jouer, beaucoup &hellip; <\/p>\n<p class=\"link-more\"><a href=\"https:\/\/www.docteur-roliste.fr\/\" class=\"more-link\">Continue reading<span class=\"screen-reader-text\"> \u00ab\u00a0Bienvenue !\u00a0\u00bb<\/span><\/a><\/p>\n","protected":false},"author":1,"featured_media":0,"parent":0,"menu_order":0,"comment_status":"closed","ping_status":"closed","template":"","meta":{"footnotes":""},"class_list":["post-287","page","type-page","status-publish","hentry"],"_links":{"self":[{"href":"https:\/\/www.docteur-roliste.fr\/index.php\/wp-json\/wp\/v2\/pages\/287","targetHints":{"allow":["GET"]}}],"collection":[{"href":"https:\/\/www.docteur-roliste.fr\/index.php\/wp-json\/wp\/v2\/pages"}],"about":[{"href":"https:\/\/www.docteur-roliste.fr\/index.php\/wp-json\/wp\/v2\/types\/page"}],"author":[{"embeddable":true,"href":"https:\/\/www.docteur-roliste.fr\/index.php\/wp-json\/wp\/v2\/users\/1"}],"replies":[{"embeddable":true,"href":"https:\/\/www.docteur-roliste.fr\/index.php\/wp-json\/wp\/v2\/comments?post=287"}],"version-history":[{"count":9,"href":"https:\/\/www.docteur-roliste.fr\/index.php\/wp-json\/wp\/v2\/pages\/287\/revisions"}],"predecessor-version":[{"id":416,"href":"https:\/\/www.docteur-roliste.fr\/index.php\/wp-json\/wp\/v2\/pages\/287\/revisions\/416"}],"wp:attachment":[{"href":"https:\/\/www.docteur-roliste.fr\/index.php\/wp-json\/wp\/v2\/media?parent=287"}],"curies":[{"name":"wp","href":"https:\/\/api.w.org\/{rel}","templated":true}]}}