{"id":279,"date":"2024-04-09T14:52:44","date_gmt":"2024-04-09T12:52:44","guid":{"rendered":"https:\/\/docteur-roliste.fr\/?page_id=279"},"modified":"2024-04-15T22:15:39","modified_gmt":"2024-04-15T20:15:39","slug":"qui-suis-je","status":"publish","type":"page","link":"https:\/\/www.docteur-roliste.fr\/index.php\/qui-suis-je\/","title":{"rendered":"Qui suis-je ?"},"content":{"rendered":"<div class=\"wp-block-image\">\n<figure class=\"aligncenter size-large is-resized\"><img loading=\"lazy\" decoding=\"async\" width=\"684\" height=\"1024\" src=\"https:\/\/www.docteur-roliste.fr\/wp-content\/uploads\/2024\/04\/image-5-684x1024.jpeg\" alt=\"\" class=\"wp-image-398\" style=\"width:214px;height:auto\" srcset=\"https:\/\/www.docteur-roliste.fr\/wp-content\/uploads\/2024\/04\/image-5-684x1024.jpeg 684w, https:\/\/www.docteur-roliste.fr\/wp-content\/uploads\/2024\/04\/image-5-200x300.jpeg 200w, https:\/\/www.docteur-roliste.fr\/wp-content\/uploads\/2024\/04\/image-5-768x1150.jpeg 768w, https:\/\/www.docteur-roliste.fr\/wp-content\/uploads\/2024\/04\/image-5.jpeg 843w\" sizes=\"auto, (max-width: 684px) 100vw, 684px\" \/><\/figure>\n<\/div>\n\n\n<p class=\"has-text-align-center\">Je me pr\u00e9sente, je suis le Docteur R\u00f4liste, je suis auteur, conteur et ma\u00eetre du jeu professionnel ! <br><\/p>\n\n\n\n<p>Je suis n\u00e9 en 1984  et je fais du jeu de r\u00f4le depuis que j&rsquo;ai 8 ans, je joue \u00e0 un jeu de plateau nomm\u00e9 Talisman, il est en anglais, nous avons un animateur qui se transforme pour l&rsquo;occasion en ma\u00eetre du jeu. Il nous fait les bruitages, nous d\u00e9crit ce qui se passe quand un \u00e9v\u00e8nement arrive, c&rsquo;est une hybridation de jeu de r\u00f4le.<\/p>\n\n\n\n<p>Quelques ann\u00e9es plus tard, je d\u00e9couvre Donjons et Dragons puis l&rsquo;Appel de Cthulhu, c&rsquo;est une r\u00e9v\u00e9lation !<\/p>\n\n\n\n<p>Je laisse le jeu de r\u00f4le pendant un certain temps, tout en n&rsquo;oubliant pas la passion qui m&rsquo;anime. Je collectionne des jeux, mon fr\u00e8re m&rsquo;en donne mais je ne me lance pas tout de suite dans la ma\u00eetrise.<\/p>\n\n\n\n<p>J&rsquo;ai 18 ans, je m&rsquo;ach\u00e8te mon premier jeu de r\u00f4le : \u00ab\u00a0Zombies\u00a0\u00bb un jeu d&rsquo;horreur, cette passion pour l&rsquo;horrifique ne me l\u00e2chera plus jamais.<\/p>\n\n\n\n<p>15 ans plus tard, je m&rsquo;y remets. C&rsquo;est mon fr\u00e8re qui me met \u00e0 nouveau le pied \u00e0 l&rsquo;\u00e9trier en m&rsquo;offrant In Nomine Satanis\/Magna Veritas : g\u00e9n\u00e9ration perdue, je commence la ma\u00eetrise avec des copains, j&rsquo;aime \u00e7a mais je pr\u00e9f\u00e8re raconter mes histoires plut\u00f4t que de suivre un sc\u00e9nario !<\/p>\n\n\n\n<p>J&rsquo;ach\u00e8te un jeu, puis deux, ma collection s&rsquo;\u00e9tend !<\/p>\n\n\n\n<p>Je continue \u00e0 \u00e9crire des sc\u00e9narios dont un qui m\u00e9lange deux jeux de r\u00f4les en un : l&rsquo;Appel de Cthulhu V.S Parano\u00efa !<\/p>\n\n\n\n<p>Je rentre alors dans une association de jeu de r\u00f4le qui me fait d\u00e9couvrir les conventions, dont les Utopiales de Nantes !<\/p>\n\n\n\n<p>Avec cette association, je d\u00e9couvre \u00e9galement le jeu de r\u00f4le en double table, je prends l&rsquo;Appel de Cthulhu, la pr\u00e9sidente de l&rsquo;association prend Parano\u00efa, on reprend ensemble l&rsquo;id\u00e9e de deux jeux de r\u00f4le en un avec douze joueurs ! Six sur chaque table ! C&rsquo;est la meilleure exp\u00e9rience de jeu de r\u00f4le de ma vie !<\/p>\n\n\n\n<p>Les ann\u00e9es passent et je continue ma route de r\u00f4liste, je croise la F\u00e9d\u00e9ration Fran\u00e7aise de Jeu De R\u00f4le qui me propose de rejoindre leurs rangs, j&rsquo;accepte volontiers, gr\u00e2ce \u00e0 eux, je retourne aux Utopiales, je participe ensuite \u00e0 la Japan Expo, \u00e0 Paris Manga et au Festival International du Jeu de Cannes (FIJ).<\/p>\n\n\n\n<p>Je croise des gens du monde du jeu de r\u00f4le, c&rsquo;est \u00e0 ce moment que j&rsquo;\u00e9cris mon premier sc\u00e9nario pour Tiny qui sera r\u00e9p\u00e9r\u00e9 par Fr\u00e9d\u00e9ric Dorne, son auteur !<\/p>\n\n\n\n<p>Je fais un play-test de ce sc\u00e9nario de No\u00ebl avec ma fille et ses amis.es , mon sc\u00e9nario passe alors au statut de Free To Play puis il va aller se rajouter au crownfunding de la deuxi\u00e8me boite d&rsquo;initiation. Enfin, il sera un suppl\u00e9ment de Tiny dans le commerce pour No\u00ebl 2022 !<\/p>\n\n\n\n<p>Nous sommes en janvier 2023 et je commence l&rsquo;\u00e9criture de mon premier jeu de r\u00f4le NSA : Nightmares and Scares Agency, un jeu de r\u00f4le o\u00f9 les joueurs jouent des cr\u00e9atures de cauchemars qui enqu\u00eatent sur la peur du r\u00eaveur et doivent s&rsquo;en servir ! Je vous avais dis que l&rsquo;horrifique n&rsquo;\u00e9tait jamais tr\u00e8s loin !<\/p>\n\n\n\n<p>Je commence les tests en avril et se terminent en juillet lors de la Japan Expo de 2023 !<\/p>\n\n\n\n<p class=\"has-text-align-center\">Janvier 2024, le Docteur R\u00f4liste est n\u00e9 et avec vous une toute nouvelle aventure de jeu !<\/p>\n\n\n\n<p class=\"has-text-align-center\">Et prenez garde, quand le Docteur sourit, il est d\u00e9j\u00e0 trop tard !<\/p>\n\n\n\n<p><\/p>\n\n\n\n<p><\/p>\n\n\n\n<p><\/p>\n","protected":false},"excerpt":{"rendered":"<p>Je me pr\u00e9sente, je suis le Docteur R\u00f4liste, je suis auteur, conteur et ma\u00eetre du jeu professionnel ! Je suis n\u00e9 en 1984 et je fais du jeu de r\u00f4le depuis que j&rsquo;ai 8 ans, je joue \u00e0 un jeu de plateau nomm\u00e9 Talisman, il est en anglais, nous avons un animateur qui se transforme &hellip; <\/p>\n<p class=\"link-more\"><a href=\"https:\/\/www.docteur-roliste.fr\/index.php\/qui-suis-je\/\" class=\"more-link\">Continue reading<span class=\"screen-reader-text\"> \u00ab\u00a0Qui suis-je ?\u00a0\u00bb<\/span><\/a><\/p>\n","protected":false},"author":1,"featured_media":0,"parent":0,"menu_order":0,"comment_status":"closed","ping_status":"closed","template":"","meta":{"footnotes":""},"class_list":["post-279","page","type-page","status-publish","hentry"],"_links":{"self":[{"href":"https:\/\/www.docteur-roliste.fr\/index.php\/wp-json\/wp\/v2\/pages\/279","targetHints":{"allow":["GET"]}}],"collection":[{"href":"https:\/\/www.docteur-roliste.fr\/index.php\/wp-json\/wp\/v2\/pages"}],"about":[{"href":"https:\/\/www.docteur-roliste.fr\/index.php\/wp-json\/wp\/v2\/types\/page"}],"author":[{"embeddable":true,"href":"https:\/\/www.docteur-roliste.fr\/index.php\/wp-json\/wp\/v2\/users\/1"}],"replies":[{"embeddable":true,"href":"https:\/\/www.docteur-roliste.fr\/index.php\/wp-json\/wp\/v2\/comments?post=279"}],"version-history":[{"count":15,"href":"https:\/\/www.docteur-roliste.fr\/index.php\/wp-json\/wp\/v2\/pages\/279\/revisions"}],"predecessor-version":[{"id":414,"href":"https:\/\/www.docteur-roliste.fr\/index.php\/wp-json\/wp\/v2\/pages\/279\/revisions\/414"}],"wp:attachment":[{"href":"https:\/\/www.docteur-roliste.fr\/index.php\/wp-json\/wp\/v2\/media?parent=279"}],"curies":[{"name":"wp","href":"https:\/\/api.w.org\/{rel}","templated":true}]}}