{"id":244,"date":"2024-04-09T12:24:02","date_gmt":"2024-04-09T10:24:02","guid":{"rendered":"https:\/\/docteur-roliste.fr\/?page_id=244"},"modified":"2025-09-25T11:40:34","modified_gmt":"2025-09-25T09:40:34","slug":"alien-le-jeu-de-role","status":"publish","type":"page","link":"https:\/\/www.docteur-roliste.fr\/index.php\/alien-le-jeu-de-role\/","title":{"rendered":"Alien : le jeu de r\u00f4le"},"content":{"rendered":"\n<figure class=\"wp-block-image size-large is-resized\"><img decoding=\"async\" src=\"data:image\/png;base64,iVBORw0KGgoAAAANSUhEUgAAAOEAAADhCAMAAAAJbSJIAAAAe1BMVEUAAAD\/\/\/\/8\/PwEBASQkJDDw8PQ0NAtLS2cnJzs7Ozy8vL19fW5ubn5+fm1tbWIiIje3t7KysrX19dMTEx1dXWrq6tnZ2dubm6tra17e3tjY2OVlZVaWlouLi4\/Pz9GRkaDg4MhISEQEBAlJSVSUlIXFxfl5eU4ODhJSUkmNuKJAAAM30lEQVR4nO1diXLiMAxN7HKHs1C6NLRAKe3\/f+HGTqCEyLYkO4TO5O1sZ7cEO8+SL1mSo6hFixYtWrRo0aJFixYtWrS4DyT8W2n79A\/hisD++\/05PR5\/Pnpf5c\/lhe7fxPeun8xnw7iM4Ww+6S+\/zw\/9UYZfy1X3ipkoUSz+N5yvXg5NvygeUmuc\/uf2qTOKsRgk08\/i+4+O4hXXCZ7dWZyDyUaX8NAs87fbdYu3FnZeJY75s\/Nl9Ogco\/X8\/L5CEBjGl4c7m6YpgJC5fvZexwRSJoxX++i3Pz8G8rdZL65E4YfuMS\/2obAbUPueAXkhp39NE7rBE2nsdFFUf+LhrmlSGsXoOQ4guwrPePhPV9Cosurql8NQ3a\/MUOnqpuEhR0nwfRacXEFRTzeLXqMjTlZ1UjR4HRRz1Vg1SS9a1kKthHE8fIka0dVMQw9d9QI1Q8lx\/tumd8W\/YBO8naEYx+NNE71xrvjdgWK+wJ1Ed+NYdIiP2z173Rj07mXtyBfZT3fR0DKW5wV+3QxVM8716vG+FMdq3riLomaqMsg7x52FKOLZHdgpCb7XPkMYMdI7xzoFqQhuGuOnVjlq41gjQ1X0LhbNyTCreVOzDBsZRC\/IZDiK\/9UlQ6kno7emyF1hmo\/n4RmqH\/17j59VCE2xFjlKRbB5qElqV0tfzMqcxk2OMmcoi0kdfVHqvcTDYBNcUbPSXppm9YusL34EnhbVSqbBWaIKIfZhKWYqMXoghkLZNgLS0401aJpVBYuwxpt503wqEGE3U9PmZ\/oKxvE6HMWPmiyiXsiGhX2QmV8VMTTwG7i+\/IR82wX4becieBBKiB2TCBEMcbI\/gt92f\/c1CD+9loFnCmcbImU4A8rB7GNEnIYgeDDbZEJp6QZsKIz4x57ktFmma9a0EAzHIj4BNSN6oe47iedmUa+3zWuZQDJ8AaqNIsSpq1Kto9d4KnVFZgRhKKBSkNaErPE9V28ySmynSyEYingJ1RuNMfZYpV59P4of1gqCyHAIjKN6t43FF1QzGvYj7CAMd+BASvDtmPsQXNvLDsFwCM6pBBGa1gs4jOx7whAMp6AITevEKkTMPc6QujPUy1Cd7oLfI5qEmJsMqWeKumX4Bm5jB7S9zIA1J8rcgu8o2Y9hpiFFW5axpO7W1nR+GmPhcLXwZpiJENKvgVrLUXDiaKmMds6Cz9phtJc4tRSq1zWCVyFintut2\/h02T2ZWtDFEFiPZG12ojOEt9AObNx9wXukAb9ENz1n\/fmdwdCya7owTNcvBeCtqIMhbC0ji1Ax7NAJ9mjDGbx0sjBUC2uw\/yJ0B0JEmxOzZ19pIzbchjYZCr17rX5nxmAo8omVBqLPNplhVvg2Ato9ZZ7gOceEW6yJLUmXoVJsQE1nXNvsB5Eh1YzPYFh9pYzukcVOYUJUU2r5dIbAFJZ1ywWXoBAkfoj1jDfDF6jNn7kEM1Bsp8qEWDfDEziQskWoh2YKyBXQGGZT9BR6\/t3nBGhEIbisl6GyoYPPI9ZRJmRffCYwTOplGOs1d1VJ37n0coqUuAV6FBOVITiyz\/3OKQn2mh49yICmpcDj2bjz7cFOA8\/wiR5HQWRY7TIZQ29nAbwxo0MvnKal4GlTz4udAv7AdETvDTSGoJ2b0a43QHfEL0bhaIY6PgQaSD+LUcYnEBW7RyRbgkgMYx0AU32Tzg05TizAD4pfFK3qZKime8jtbl8QWiT9p+lTv0O3ZWR4wshQ8hygCFqql6SVN9GLjO71WeKUHruJXZpyQpooWvpWaVUZ7RW\/7c3v0xMxemyB7IcMgiSGlccyhpN4lEbVaBF9NkTojyh+vNUhQUu7wINSb4hvY9OUWyvN6xOXB4a8+yUxjGMol0CnX\/i2lBlmfw9DvAxxHkSS55FP0FKoTtt6axTjZ8gdgiFn60RhGM+B0cA6PnwTwnQwjhkMCwaN4RLyvTCfcBZnUUiKuOmClUIAzxDy0rO4Myvy+BUrzi+DlcQDzRAaSZ1AjzW4tTeHIJIh63whInhh46xR9TFUr\/lJ55e1CTpUAFMcZ++El+GA57eMcz+B1ksAthivRyZD\/Nq4BKkGB5yeohguuk7MK4tzLENWciSZRz5iOAZL31dZFWC1lF0jckrcY8rCdJTKDIWUId\/ftYtZ2AjWQAaCy9DRDaVe3oBNjHR1u91issFl+GQsseBV2V9cgNPSxmVoOzyZTjoTS95E3MEbqh9iwGVoLrHYlY6MbYDZ1IlwYymTIWDrVsik9mvfOxq09AfBkHJ04QCTocFzqey4bqrzTzA0nfCVVoqmHRBiV+cx396CyXBnLO73rGscf8MPuW0PQpBOuq1gMgSHEWUsLc0EoNEfF9oQLkcPkyE00kl9jHBN0eAZ406MI\/xiL0IwNJQ2vD6QFTqAAhDiJ4Iha+sSkCG4Ks1Pt0tqarCYIRh6BkF5MzRMh5UOBhkcI5QBKVzmWh5D0AoFmNIMI6LzwE14BQiFYGiY8KuygZ9DGHID0Yu4DKFxQEL96xtUU\/e5Ji4sGGUp4jGcgNUBZ11w+ITbMIwLSpDRdttz4FBpThRD2BsEiD4AwkpRDHGThVRO7E7cbkc9GAKxhqDjIoIh9hzfHdJR9ZjyYAg4RsCmADdDVFyJ1DkGnGWxGMJbC0BlYIbukQZDUIPhquAhw0m1NEhLET7gC3RUSUIXInssBWUIL02cMz7SwVSquLx6GMIPAf0QPvR2qhY+Rm9Pdy1DrtogJQKyJ8AOB\/Y30AGp6GOfQT0ynIFH+IBT+Sf4qg6GpCDEST0yhG36QN4G4Clw7VNmCPqOG0DPM+uzA64UBreE02XSYN8xVFqLDA0W6fLeQpjO+u0mYVqWE4bLNY5hJRNNBO4P4VHfZWuD5yITyCElOIawm0Jljw9PFvbpkLz7rYch8JSMqi7shley9xzS0aR20qF5IXudWwyuTz9No74rrI1204fO2k0abFAMxwbp3Iwh8N7JdfZEGknVISXRMwp5umbwQbxqTqPHiMNKcyLFciuGRHd2JENDzMfrtcIY1M1xjg\/nubFhX4OWCmPE9bh4\/+ynwZr0Yuk2eQgHmSJtSsQxFHBvkVFa3H6kowhB\/9PEJkNBjnNWSMMzjHODPeR9+RIXMkoN5\/iO+recNEOkmA6sx5Bh1pLRp17ZJAcDwaX9PkWWT6cqFO9+jPYvTc1tfX2JbgmuKPYxy5ov1Z4aP+sTPGhtOZ1MHzl2TqyDUamvsggvQ6vXkpG7w5AIregRDGW21UfPGHiGnEPMvb1yyHaAgy2zJ5dhPmEQso9Je\/ysesGUn08Yn6ecwJCaalzNlraWFgtSi5WRoiOeKVGy\/0gijHSOQfN6xuidggM6uoQSfygoba5dNawjXuKR81rFVwvceEqKdEYP7vrN7QdF3m5QK+RgQ4vlXuFaXUfruYLYzS6rSAxxW2Fi1ogdrnLp9tI3mA2w0Evi8DIUYPJgqH53C7\/zO+EZ8zpkqKUorfcZanfoT+tpjKDlMzEi\/Eijkd9KaV+jpvaqvXNdF0CZ+Bn52k72q34RWfEEOYWZoSbgkNafoVIxuxfaxn1XdBA3Nr2mcFVlyszouv1hlBsOzxEI8uo\/qeNMW\/BTJFcYVjxcIZze+gA6Di3LPn39+G3JCw5vA9ckpXIPeqxHb7F0rU9Nb2OXfb7cHE2m114i2\/XqlH\/mataUtoI3QiKciEwrY9QwrJ8ZLrqdTme+uNrNuL78FlCEkc65+Tg3Wuk8yp0g8jtD2ncw94aw2Ja5BFGjzd1QWMaDylCqqJyHoZgx7IW\/5DG\/Jrd5koKcQBDPUBmmmuYX57fJW8zKPhTzazqbZ2hIfRqEIe1ijdoYrgPN9BBJfaNzg2LUVXMvQkAx1E5oDd7prFYdvEsCsAwjbdVosi+K51rv5daB5PYLkuqlF4+3NV1Zfc0y+qKcuoWkx0i8zsWiAU0V+QUINcvvAk5mRW+GhitbgiM3MnDSY\/oirWSsqxWfg4t7SP1QU\/DsftyiYms9IaY09IDIs2PfkaPMzbWUZHh+GL4X1d6To6ouuRPD4j6auzIskA552XDR0JMg5x6gQJC512d9DNW0630+6MUwo\/iFO5viEkyiZrTzzFD\/PLKSGqOw+I7qX4di8DIo8nSHEmc+D82C3NgcCMtT0CFHFTSrdSPIQDqLw4kwjrvH87T7EMhnx2\/\/xPhnJNu82MdDfijG21qJs57P4GiER8HPJB9w6CSLo7biPPER5aeg32uTsLLYZhhOnqPHJadwGRp+VvRkxIv+R1HGQ3O8wvp1livflR7eKuX5N7PXR5sasPiZJrcOBzcdVCySqZf3ZHP41TSZ7lbJfFa62kUMZ51Jf3c8p8ay5bt+VIAvfNj3ep9fh8qT8qGm9xYtWrRo0aJFixYtWrRo0eIv4j9Chpu6JfXhWAAAAABJRU5ErkJggg==\" alt=\"\" style=\"width:54px;height:auto\"\/><\/figure>\n\n\n\n<p>Traumavertissement : Morts brutales, monstres de l&rsquo;espace, vide intersid\u00e9ral<\/p>\n\n\n\n<p>Dans l\u2019espace, personne ne vous entend crier. Quand vous jouez \u00e0 Alien avec le Docteur non plus ! Vous allez mourir, ne vous inqui\u00e9tez pas, \u00e7a va bien se passer ! N\u2019h\u00e9sitez pas \u00e0 me contacter pour jouer dans le vide de l\u2019espace, soyez des scientifiques, des marines coloniaux ou des routiers de l\u2019espace de toutes fa\u00e7ons vous n\u2019y survivrez pas ! <img loading=\"lazy\" decoding=\"async\" height=\"16\" width=\"16\" src=\"https:\/\/static.xx.fbcdn.net\/images\/emoji.php\/v9\/t2f\/1.5\/16\/1f608.png\" alt=\"\ud83d\ude08\"><\/p>\n\n\n\n<figure class=\"wp-block-gallery has-nested-images columns-default is-cropped wp-block-gallery-1 is-layout-flex wp-block-gallery-is-layout-flex\">\n<figure class=\"wp-block-image size-large\"><img loading=\"lazy\" decoding=\"async\" width=\"938\" height=\"1024\" data-id=\"246\" src=\"https:\/\/docteur-roliste.fr\/wp-content\/uploads\/2024\/04\/image-1-938x1024.jpeg\" alt=\"\" class=\"wp-image-246\" srcset=\"https:\/\/www.docteur-roliste.fr\/wp-content\/uploads\/2024\/04\/image-1-938x1024.jpeg 938w, https:\/\/www.docteur-roliste.fr\/wp-content\/uploads\/2024\/04\/image-1-275x300.jpeg 275w, https:\/\/www.docteur-roliste.fr\/wp-content\/uploads\/2024\/04\/image-1-768x838.jpeg 768w, https:\/\/www.docteur-roliste.fr\/wp-content\/uploads\/2024\/04\/image-1-1407x1536.jpeg 1407w, https:\/\/www.docteur-roliste.fr\/wp-content\/uploads\/2024\/04\/image-1.jpeg 1876w\" sizes=\"auto, (max-width: 938px) 100vw, 938px\" \/><\/figure>\n\n\n\n<figure class=\"wp-block-image size-large\"><img loading=\"lazy\" decoding=\"async\" width=\"871\" height=\"1024\" data-id=\"245\" src=\"https:\/\/docteur-roliste.fr\/wp-content\/uploads\/2024\/04\/image-871x1024.jpeg\" alt=\"\" class=\"wp-image-245\" srcset=\"https:\/\/www.docteur-roliste.fr\/wp-content\/uploads\/2024\/04\/image-871x1024.jpeg 871w, https:\/\/www.docteur-roliste.fr\/wp-content\/uploads\/2024\/04\/image-255x300.jpeg 255w, https:\/\/www.docteur-roliste.fr\/wp-content\/uploads\/2024\/04\/image-768x903.jpeg 768w, https:\/\/www.docteur-roliste.fr\/wp-content\/uploads\/2024\/04\/image-1307x1536.jpeg 1307w, https:\/\/www.docteur-roliste.fr\/wp-content\/uploads\/2024\/04\/image.jpeg 1742w\" sizes=\"auto, (max-width: 871px) 100vw, 871px\" \/><\/figure>\n<\/figure>\n","protected":false},"excerpt":{"rendered":"<p>Traumavertissement : Morts brutales, monstres de l&rsquo;espace, vide intersid\u00e9ral Dans l\u2019espace, personne ne vous entend crier. Quand vous jouez \u00e0 Alien avec le Docteur non plus ! Vous allez mourir, ne vous inqui\u00e9tez pas, \u00e7a va bien se passer ! N\u2019h\u00e9sitez pas \u00e0 me contacter pour jouer dans le vide de l\u2019espace, soyez des scientifiques, &hellip; <\/p>\n<p class=\"link-more\"><a href=\"https:\/\/www.docteur-roliste.fr\/index.php\/alien-le-jeu-de-role\/\" class=\"more-link\">Continue reading<span class=\"screen-reader-text\"> \u00ab\u00a0Alien : le jeu de r\u00f4le\u00a0\u00bb<\/span><\/a><\/p>\n","protected":false},"author":1,"featured_media":0,"parent":0,"menu_order":0,"comment_status":"closed","ping_status":"closed","template":"","meta":{"footnotes":""},"class_list":["post-244","page","type-page","status-publish","hentry"],"_links":{"self":[{"href":"https:\/\/www.docteur-roliste.fr\/index.php\/wp-json\/wp\/v2\/pages\/244","targetHints":{"allow":["GET"]}}],"collection":[{"href":"https:\/\/www.docteur-roliste.fr\/index.php\/wp-json\/wp\/v2\/pages"}],"about":[{"href":"https:\/\/www.docteur-roliste.fr\/index.php\/wp-json\/wp\/v2\/types\/page"}],"author":[{"embeddable":true,"href":"https:\/\/www.docteur-roliste.fr\/index.php\/wp-json\/wp\/v2\/users\/1"}],"replies":[{"embeddable":true,"href":"https:\/\/www.docteur-roliste.fr\/index.php\/wp-json\/wp\/v2\/comments?post=244"}],"version-history":[{"count":7,"href":"https:\/\/www.docteur-roliste.fr\/index.php\/wp-json\/wp\/v2\/pages\/244\/revisions"}],"predecessor-version":[{"id":617,"href":"https:\/\/www.docteur-roliste.fr\/index.php\/wp-json\/wp\/v2\/pages\/244\/revisions\/617"}],"wp:attachment":[{"href":"https:\/\/www.docteur-roliste.fr\/index.php\/wp-json\/wp\/v2\/media?parent=244"}],"curies":[{"name":"wp","href":"https:\/\/api.w.org\/{rel}","templated":true}]}}